{"id":402,"date":"2024-03-13T21:42:33","date_gmt":"2024-03-13T20:42:33","guid":{"rendered":"https:\/\/pastoralrmi.com\/?page_id=402"},"modified":"2025-08-20T16:36:45","modified_gmt":"2025-08-20T14:36:45","slug":"vicenta-maria-lopez-y-vicuna","status":"publish","type":"page","link":"https:\/\/pastoralrmi.com\/es\/vicenta-maria-lopez-y-vicuna\/","title":{"rendered":"Vicenta Mar\u00eda"},"content":{"rendered":"\n<div class=\"wp-block-group is-layout-flow wp-block-group-is-layout-flow\">\n<div class=\"wp-block-cover is-light\" style=\"min-height:823px;aspect-ratio:unset;\"><video class=\"wp-block-cover__video-background intrinsic-ignore\" autoplay muted loop playsinline src=\"https:\/\/pastoralrmi.com\/wp-content\/uploads\/2025\/06\/11137423-hd_3840_2160_25fps.mp4\" data-object-fit=\"cover\"><\/video><span aria-hidden=\"true\" class=\"wp-block-cover__background has-background-background-color has-background-dim-40 has-background-dim\"><\/span><div class=\"wp-block-cover__inner-container has-global-padding is-layout-constrained wp-block-cover-is-layout-constrained\">\n<div style=\"height:40px\" aria-hidden=\"true\" class=\"wp-block-spacer\"><\/div>\n\n\n\n<figure class=\"wp-block-image aligncenter size-large is-resized wp-duotone-rgb255255255-fcff41-1\"><img loading=\"lazy\" decoding=\"async\" width=\"923\" height=\"270\" data-attachment-id=\"980\" data-permalink=\"https:\/\/pastoralrmi.com\/es\/vicenta-maria-lopez-y-vicuna\/header_1024x300__4_-removebg-preview\/\" data-orig-file=\"https:\/\/pastoralrmi.com\/wp-content\/uploads\/2024\/06\/header_1024x300__4_-removebg-preview.png\" data-orig-size=\"923,270\" data-comments-opened=\"1\" data-image-meta=\"{&quot;aperture&quot;:&quot;0&quot;,&quot;credit&quot;:&quot;&quot;,&quot;camera&quot;:&quot;&quot;,&quot;caption&quot;:&quot;&quot;,&quot;created_timestamp&quot;:&quot;0&quot;,&quot;copyright&quot;:&quot;&quot;,&quot;focal_length&quot;:&quot;0&quot;,&quot;iso&quot;:&quot;0&quot;,&quot;shutter_speed&quot;:&quot;0&quot;,&quot;title&quot;:&quot;&quot;,&quot;orientation&quot;:&quot;0&quot;}\" data-image-title=\"header_1024x300__4_-removebg-preview\" data-image-description=\"\" data-image-caption=\"\" data-medium-file=\"https:\/\/pastoralrmi.com\/wp-content\/uploads\/2024\/06\/header_1024x300__4_-removebg-preview.png\" data-large-file=\"https:\/\/pastoralrmi.com\/wp-content\/uploads\/2024\/06\/header_1024x300__4_-removebg-preview.png\" src=\"https:\/\/pastoralrmi.com\/wp-content\/uploads\/2024\/06\/header_1024x300__4_-removebg-preview.png?w=923\" alt=\"\" class=\"wp-image-980\" style=\"width:509px;height:auto\"\/><\/figure>\n<\/div><\/div>\n<\/div>\n\n\n\n<div class=\"wp-block-group alignfull has-global-padding is-content-justification-center is-layout-constrained wp-container-core-group-is-layout-92d3b899 wp-block-group-is-layout-constrained\" style=\"margin-top:0;margin-bottom:0;padding-top:calc( 0.5 * var(--wp--style--root--padding-right, var(--wp--custom--gap--horizontal)));padding-right:var(--wp--style--root--padding-right, var(--wp--custom--gap--horizontal));padding-bottom:calc( 0.5 * var(--wp--style--root--padding-right, var(--wp--custom--gap--horizontal)));padding-left:var(--wp--style--root--padding-left, var(--wp--custom--gap--horizontal))\">\n<div style=\"height:var(--wp--preset--spacing--20)\" aria-hidden=\"true\" class=\"wp-block-spacer\"><\/div>\n<\/div>\n\n\n\n<div data-extenderx-entrance=\"{&quot;active&quot;:true}\" class=\"wp-block-group alignfull extenderx-entrance has-global-padding is-content-justification-center is-layout-constrained wp-container-core-group-is-layout-92d3b899 wp-block-group-is-layout-constrained\" style=\"margin-top:0;margin-bottom:0;padding-top:calc( 0.5 * var(--wp--style--root--padding-right, var(--wp--custom--gap--horizontal)));padding-right:var(--wp--style--root--padding-right, var(--wp--custom--gap--horizontal));padding-bottom:calc( 0.5 * var(--wp--style--root--padding-right, var(--wp--custom--gap--horizontal)));padding-left:var(--wp--style--root--padding-left, var(--wp--custom--gap--horizontal))\">\n<div style=\"height:calc( 0.25 * var(--wp--style--root--padding-right, var(--wp--custom--gap--horizontal)))\" aria-hidden=\"true\" class=\"wp-block-spacer\"><\/div>\n\n\n\n<div class=\"wp-block-group alignwide has-global-padding is-layout-constrained wp-block-group-is-layout-constrained\">\n<h2 class=\"wp-block-heading alignfull has-text-align-left\">El 11 de junio de 1876<\/h2>\n<\/div>\n\n\n\n<div style=\"height:var(--wp--preset--spacing--20)\" aria-hidden=\"true\" class=\"wp-block-spacer\"><\/div>\n\n\n\n<div class=\"wp-block-columns alignwide is-layout-flex wp-container-core-columns-is-layout-1fcf0b16 wp-block-columns-is-layout-flex\">\n<div class=\"wp-block-column is-layout-flow wp-block-column-is-layout-flow\">\n<p class=\"is-service-description wp-block-paragraph\">se da el primer reconocimiento oficial por parte de la Iglesia de la obra que Vicenta Mar\u00eda ven\u00eda gestando por dentro. Desde el 71 observaban \u00abun orden de vida uniforme\u00bb y para ello hab\u00edan dispuesto \u00abunas reglitas provisionales\u00bb. Ser\u00e1n lo que conocemos hoy por Constituciones.<\/p>\n<\/div>\n\n\n\n<div class=\"wp-block-column is-layout-flow wp-block-column-is-layout-flow\" style=\"padding-right:var(--wp--preset--spacing--50);padding-left:var(--wp--preset--spacing--50)\">\n<p class=\"is-service-description wp-block-paragraph\"><strong>\u00abEscritas al ritmo de la experiencia vital\u00bb<br><\/strong>En algunos de los borradores de su redacci\u00f3n, Vicenta Mar\u00eda les llama \u00abmodo de vida\u00bb pues no se han escrito para la lectura sino para ser puestas en pr\u00e1ctica.<\/p>\n<\/div>\n\n\n\n<div class=\"wp-block-column is-layout-flow wp-block-column-is-layout-flow\">\n<p class=\"is-service-description wp-block-paragraph\">Lo que se celebraba ese d\u00eda, la Trinidad, da entonces un sabor especial a su obra. Algo de eso quiere Dios que est\u00e9 encarnado en ella. Pues cuando la <strong>Vida se encarna<\/strong> en la historia nos habla a trav\u00e9s del Esp\u00edritu que sostiene cada cosa. Si nos paramos a escucharlo, nos reconoceremos a nosotras mismas, lo m\u00e1s profundo y c\u00e1lido de nosotras mismas, ese calor de hogar&#8230; Vicenta Mar\u00eda conecta con ese espacio interior y lo plasma <a href=\"https:\/\/rmimundo.org\/\">en esta obra<\/a>.<\/p>\n<\/div>\n<\/div>\n\n\n\n<div style=\"height:calc( 0.25 * var(--wp--style--root--padding-right, var(--wp--custom--gap--horizontal)))\" aria-hidden=\"true\" class=\"wp-block-spacer\"><\/div>\n<\/div>\n\n\n\n<div class=\"wp-block-group alignfull has-global-padding is-content-justification-center is-layout-constrained wp-container-core-group-is-layout-92d3b899 wp-block-group-is-layout-constrained\" style=\"margin-top:0;margin-bottom:0;padding-top:calc( 0.5 * var(--wp--style--root--padding-right, var(--wp--custom--gap--horizontal)));padding-right:var(--wp--style--root--padding-right, var(--wp--custom--gap--horizontal));padding-bottom:calc( 0.5 * var(--wp--style--root--padding-right, var(--wp--custom--gap--horizontal)));padding-left:var(--wp--style--root--padding-left, var(--wp--custom--gap--horizontal))\">\n<div style=\"height:calc( 0.25 * var(--wp--style--root--padding-right, var(--wp--custom--gap--horizontal)))\" aria-hidden=\"true\" class=\"wp-block-spacer\"><\/div>\n\n\n\n<div class=\"wp-block-columns alignwide is-layout-flex wp-container-core-columns-is-layout-794e3cfa wp-block-columns-is-layout-flex\">\n<div class=\"wp-block-column is-vertically-aligned-center is-layout-flow wp-block-column-is-layout-flow\">\n<h2 class=\"wp-block-heading\">Principios y fundamentos<\/h2>\n\n\n\n<p class=\"wp-block-paragraph\">Hay un dinamismo \u00faltimo de la Vida ben\u00e9fico y equilibrado con todas las cosas. En silencio interior permites que los <strong>horizontes de la experiencia humana<\/strong> se concreten en lo que en cada momento es adecuado y respetuoso para ti, para los dem\u00e1s y para con el fluir de los eventos. Es lo que Vicenta Mar\u00eda llamaba la <strong>voluntad de Dios<\/strong>. Su biograf\u00eda fue cada d\u00eda m\u00e1s profundamente animada de ese movimiento.<\/p>\n\n\n\n<p class=\"wp-block-paragraph\">\u2192 <a href=\"https:\/\/rmimundo.org\/somos\/\">alg\u00fan detalle m\u00e1s<\/a>.<\/p>\n\n\n\n<div class=\"wp-block-buttons is-layout-flex wp-block-buttons-is-layout-flex\"><\/div>\n<\/div>\n\n\n\n<div class=\"wp-block-column is-vertically-aligned-bottom is-layout-flow wp-block-column-is-layout-flow\">\n<figure data-extenderx-entrance=\"{&quot;active&quot;:true}\" class=\"wp-block-image size-full is-resized extenderx-entrance\"><img loading=\"lazy\" decoding=\"async\" width=\"1414\" height=\"1414\" data-attachment-id=\"786\" data-permalink=\"https:\/\/pastoralrmi.com\/es\/vicenta-maria-lopez-y-vicuna\/imagem_whatsapp_2024-06-04_as_14-52-05_dbafd0aa-ai-brush-removebg-3pmrt1zd\/\" data-orig-file=\"https:\/\/pastoralrmi.com\/wp-content\/uploads\/2024\/06\/imagem_whatsapp_2024-06-04_as_14.52.05_dbafd0aa-ai-brush-removebg-3pmrt1zd.png\" data-orig-size=\"1414,1414\" data-comments-opened=\"1\" data-image-meta=\"{&quot;aperture&quot;:&quot;0&quot;,&quot;credit&quot;:&quot;&quot;,&quot;camera&quot;:&quot;&quot;,&quot;caption&quot;:&quot;&quot;,&quot;created_timestamp&quot;:&quot;0&quot;,&quot;copyright&quot;:&quot;&quot;,&quot;focal_length&quot;:&quot;0&quot;,&quot;iso&quot;:&quot;0&quot;,&quot;shutter_speed&quot;:&quot;0&quot;,&quot;title&quot;:&quot;&quot;,&quot;orientation&quot;:&quot;0&quot;}\" data-image-title=\"imagem_whatsapp_2024-06-04_as_14.52.05_dbafd0aa-ai-brush-removebg-3pmrt1zd\" data-image-description=\"\" data-image-caption=\"\" data-medium-file=\"https:\/\/pastoralrmi.com\/wp-content\/uploads\/2024\/06\/imagem_whatsapp_2024-06-04_as_14.52.05_dbafd0aa-ai-brush-removebg-3pmrt1zd.png\" data-large-file=\"https:\/\/pastoralrmi.com\/wp-content\/uploads\/2024\/06\/imagem_whatsapp_2024-06-04_as_14.52.05_dbafd0aa-ai-brush-removebg-3pmrt1zd.png\" src=\"https:\/\/pastoralrmi.com\/wp-content\/uploads\/2024\/06\/imagem_whatsapp_2024-06-04_as_14.52.05_dbafd0aa-ai-brush-removebg-3pmrt1zd.png\" alt=\"\" class=\"wp-image-786\" style=\"object-fit:cover;width:703px;height:auto\"\/><\/figure>\n<\/div>\n<\/div>\n\n\n\n<div style=\"height:64px\" aria-hidden=\"true\" class=\"wp-block-spacer\"><\/div>\n<\/div>\n\n\n\n<div class=\"wp-block-cover alignfull is-light has-parallax\" style=\"margin-top:0;margin-bottom:0;padding-top:var(--wp--preset--spacing--20);padding-right:var(--wp--preset--spacing--40);padding-bottom:var(--wp--preset--spacing--20);padding-left:var(--wp--preset--spacing--40)\"><div class=\"wp-block-cover__image-background wp-image-1074 has-parallax\" style=\"background-position:50% 50%;background-image:url(https:\/\/pastoralrmi.com\/wp-content\/uploads\/2024\/06\/imagem-whatsapp-2024-06-11-as-11.29.04_b1e43271.png)\"><\/div><span aria-hidden=\"true\" class=\"wp-block-cover__background has-pale-cyan-blue-background-color has-background-dim-20 has-background-dim\"><\/span><div class=\"wp-block-cover__inner-container is-layout-flow wp-block-cover-is-layout-flow\">\n<div style=\"height:var(--wp--preset--spacing--50)\" aria-hidden=\"true\" class=\"wp-block-spacer\"><\/div>\n\n\n\n<div class=\"wp-block-columns is-not-stacked-on-mobile is-layout-flex wp-container-core-columns-is-layout-794e3cfa wp-block-columns-is-layout-flex\">\n<div class=\"wp-block-column is-layout-flow wp-block-column-is-layout-flow\" style=\"flex-basis:10%\"><\/div>\n\n\n\n<div class=\"wp-block-column is-layout-flow wp-block-column-is-layout-flow\" style=\"flex-basis:50%\">\n<h2 class=\"wp-block-heading has-background-color has-text-color has-link-color wp-elements-e1743947dae04c7a958351de56486c15\">El devenir<\/h2>\n<\/div>\n<\/div>\n\n\n\n<div class=\"wp-block-columns is-layout-flex wp-container-core-columns-is-layout-794e3cfa wp-block-columns-is-layout-flex\">\n<div class=\"wp-block-column is-layout-flow wp-block-column-is-layout-flow\" style=\"flex-basis:10%\"><\/div>\n\n\n\n<div class=\"wp-block-column is-layout-flow wp-block-column-is-layout-flow\" style=\"flex-basis:50.01%\">\n<div class=\"wp-block-columns is-layout-flex wp-container-core-columns-is-layout-794e3cfa wp-block-columns-is-layout-flex\">\n<div class=\"wp-block-column is-layout-flow wp-block-column-is-layout-flow\" style=\"flex-basis:90%\">\n<p class=\"has-background-color has-text-color has-link-color wp-elements-5fd31c3636d063131c623c7e41ef2f31 wp-block-paragraph\">Desde entonces nos experimentamos a nosotras y nosotros mismos como un <strong>proceso<\/strong>. Como grupo, vamos atravesando nuestras luces y sombras, para ser <em>facilitadoras<\/em> y <em>facilitadores<\/em> del cuidado del hogar interior, guardianas y guardianes de ese espacio \u00edntimo. Desde all\u00ed, acompa\u00f1amos y acogemos a nuestros j\u00f3venes para que <strong>encuentren su hueco<\/strong> en el mundo.<\/p>\n<\/div>\n<\/div>\n<\/div>\n<\/div>\n\n\n\n<div class=\"wp-block-group has-global-padding is-layout-constrained wp-block-group-is-layout-constrained\">\n<div class=\"wp-block-buttons is-content-justification-center is-layout-flex wp-container-core-buttons-is-layout-ee856660 wp-block-buttons-is-layout-flex\">\n<div class=\"wp-block-button is-style-outline is-style-outline--2\"><a class=\"wp-block-button__link wp-element-button\" href=\"https:\/\/pastoralrmi.com\/fluir\/\">profundizar<\/a><\/div>\n<\/div>\n<\/div>\n\n\n\n<div style=\"height:var(--wp--preset--spacing--50)\" aria-hidden=\"true\" class=\"wp-block-spacer\"><\/div>\n<\/div><\/div>\n","protected":false},"excerpt":{"rendered":"<p>El 11 de junio de 1876 se da el primer reconocimiento oficial por parte de la Iglesia de la obra que Vicenta Mar\u00eda ven\u00eda gestando por dentro. Desde el 71 observaban \u00abun orden de vida uniforme\u00bb y para ello hab\u00edan dispuesto \u00abunas reglitas provisionales\u00bb. Ser\u00e1n lo que conocemos hoy por Constituciones. \u00abEscritas al ritmo de [&hellip;]<\/p>\n","protected":false},"author":246329482,"featured_media":1309,"parent":0,"menu_order":0,"comment_status":"closed","ping_status":"closed","template":"","meta":{"_eb_attr":"","_crdt_document":"","advanced_seo_description":"","jetpack_seo_html_title":"","jetpack_seo_noindex":false,"jetpack_post_was_ever_published":false,"footnotes":""},"class_list":["post-402","page","type-page","status-publish","has-post-thumbnail","hentry"],"jetpack_likes_enabled":true,"jetpack_sharing_enabled":true,"jetpack_shortlink":"https:\/\/wp.me\/Pfvk8v-6u","jetpack-related-posts":[{"id":1,"url":"https:\/\/pastoralrmi.com\/es\/about\/","url_meta":{"origin":402,"position":0},"title":"Familia de Vicenta Mar\u00eda","author":"Blog de pastoral Provincia Iberica","date":"7 de febrero de 2024","format":false,"excerpt":"Somos un grupo de laicas, laicos y religiosas de Mar\u00eda Inmaculada que hemos encontrado en el seguimiento de Jes\u00fas, bajo la mirada de Vicenta Mar\u00eda, una forma de expresar en el mundo los anhelos profundos de nuestro coraz\u00f3n. Nuestra experiencia de Dios resulta en un modo particular de ser en\u2026","rel":"","context":"Entrada similar","block_context":{"text":"Entrada similar","link":""},"img":{"alt_text":"","src":"https:\/\/i0.wp.com\/pastoralrmi.com\/wp-content\/uploads\/2024\/06\/imagem-whatsapp-2024-06-09-as-20.27.25_246f239b.jpg?resize=350%2C200&ssl=1","width":350,"height":200,"srcset":"https:\/\/i0.wp.com\/pastoralrmi.com\/wp-content\/uploads\/2024\/06\/imagem-whatsapp-2024-06-09-as-20.27.25_246f239b.jpg?resize=350%2C200&ssl=1 1x, https:\/\/i0.wp.com\/pastoralrmi.com\/wp-content\/uploads\/2024\/06\/imagem-whatsapp-2024-06-09-as-20.27.25_246f239b.jpg?resize=525%2C300&ssl=1 1.5x, https:\/\/i0.wp.com\/pastoralrmi.com\/wp-content\/uploads\/2024\/06\/imagem-whatsapp-2024-06-09-as-20.27.25_246f239b.jpg?resize=700%2C400&ssl=1 2x, https:\/\/i0.wp.com\/pastoralrmi.com\/wp-content\/uploads\/2024\/06\/imagem-whatsapp-2024-06-09-as-20.27.25_246f239b.jpg?resize=1050%2C600&ssl=1 3x, https:\/\/i0.wp.com\/pastoralrmi.com\/wp-content\/uploads\/2024\/06\/imagem-whatsapp-2024-06-09-as-20.27.25_246f239b.jpg?resize=1400%2C800&ssl=1 4x"},"classes":[]},{"id":520,"url":"https:\/\/pastoralrmi.com\/es\/fluir\/","url_meta":{"origin":402,"position":1},"title":"Fluir","author":"Blog de pastoral Provincia Iberica","date":"16 de abril de 2024","format":false,"excerpt":"Desde el carisma Esta secci\u00f3n es un aporte para que la tensi\u00f3n de nuestro hilo conduzca a un modo de vivir cada vez m\u00e1s en sinton\u00eda con la bondad de lo que ocurre. Encontrar\u00e1s comentarios, reflexiones, palabras sueltas de mujeres y hombres comprometidos con el tejido del Mundo, de la\u2026","rel":"","context":"Entrada similar","block_context":{"text":"Entrada similar","link":""},"img":{"alt_text":"","src":"","width":0,"height":0},"classes":[]},{"id":646,"url":"https:\/\/pastoralrmi.com\/es\/fluir\/desarrollo-integral\/","url_meta":{"origin":402,"position":2},"title":"Desarrollo integral","author":"Blog de pastoral Provincia Iberica","date":"3 de junio de 2024","format":false,"excerpt":"No hay nada de extraordinario en la historia de nuestro instituto escribi\u00f3 Vicenta Mar\u00eda. Quisi\u00e9ramos retomarlo: el que no estamos enfrentados con los acontecimientos sino que colaboramos con ellos,... Esta secci\u00f3n es un aporte para que la tensi\u00f3n de nuestro hilo conduzca a un modo de vivir cada vez m\u00e1s\u2026","rel":"","context":"Entrada similar","block_context":{"text":"Entrada similar","link":""},"img":{"alt_text":"","src":"https:\/\/i0.wp.com\/pastoralrmi.com\/wp-content\/uploads\/2024\/06\/pexels-photo-6469141.jpeg?resize=350%2C200&ssl=1","width":350,"height":200,"srcset":"https:\/\/i0.wp.com\/pastoralrmi.com\/wp-content\/uploads\/2024\/06\/pexels-photo-6469141.jpeg?resize=350%2C200&ssl=1 1x, https:\/\/i0.wp.com\/pastoralrmi.com\/wp-content\/uploads\/2024\/06\/pexels-photo-6469141.jpeg?resize=525%2C300&ssl=1 1.5x, https:\/\/i0.wp.com\/pastoralrmi.com\/wp-content\/uploads\/2024\/06\/pexels-photo-6469141.jpeg?resize=700%2C400&ssl=1 2x"},"classes":[]},{"id":636,"url":"https:\/\/pastoralrmi.com\/es\/fluir\/una-teologia-para-empezar\/","url_meta":{"origin":402,"position":3},"title":"Una teolog\u00eda para empezar","author":"Blog de pastoral Provincia Iberica","date":"25 de abril de 2024","format":false,"excerpt":"No hay nada de extraordinario en la historia de nuestro instituto escribi\u00f3 Vicenta Mar\u00eda. Quisi\u00e9ramos retomarlo: el que no estamos enfrentados con los acontecimientos sino que colaboramos con ellos,... Esta secci\u00f3n es un aporte para que la tensi\u00f3n de nuestro hilo conduzca a un modo de vivir cada vez m\u00e1s\u2026","rel":"","context":"Entrada similar","block_context":{"text":"Entrada similar","link":""},"img":{"alt_text":"","src":"https:\/\/i0.wp.com\/pastoralrmi.com\/wp-content\/uploads\/2024\/04\/pexels-photo-1533720.jpeg?resize=350%2C200&ssl=1","width":350,"height":200,"srcset":"https:\/\/i0.wp.com\/pastoralrmi.com\/wp-content\/uploads\/2024\/04\/pexels-photo-1533720.jpeg?resize=350%2C200&ssl=1 1x, https:\/\/i0.wp.com\/pastoralrmi.com\/wp-content\/uploads\/2024\/04\/pexels-photo-1533720.jpeg?resize=525%2C300&ssl=1 1.5x, https:\/\/i0.wp.com\/pastoralrmi.com\/wp-content\/uploads\/2024\/04\/pexels-photo-1533720.jpeg?resize=700%2C400&ssl=1 2x, https:\/\/i0.wp.com\/pastoralrmi.com\/wp-content\/uploads\/2024\/04\/pexels-photo-1533720.jpeg?resize=1050%2C600&ssl=1 3x, https:\/\/i0.wp.com\/pastoralrmi.com\/wp-content\/uploads\/2024\/04\/pexels-photo-1533720.jpeg?resize=1400%2C800&ssl=1 4x"},"classes":[]},{"id":640,"url":"https:\/\/pastoralrmi.com\/es\/fluir\/destellos-de-vida-cotidiana\/","url_meta":{"origin":402,"position":4},"title":"Destellos de vida cotidiana","author":"Blog de pastoral Provincia Iberica","date":"25 de abril de 2024","format":false,"excerpt":"No hay nada de extraordinario en la historia de nuestro instituto escribi\u00f3 Vicenta Mar\u00eda. Quisi\u00e9ramos retomarlo: el que no estamos enfrentados con los acontecimientos sino que colaboramos con ellos,... Esta secci\u00f3n es un aporte para que la tensi\u00f3n de nuestro hilo conduzca a un modo de vivir cada vez m\u00e1s\u2026","rel":"","context":"Entrada similar","block_context":{"text":"Entrada similar","link":""},"img":{"alt_text":"","src":"https:\/\/i0.wp.com\/pastoralrmi.com\/wp-content\/uploads\/2024\/04\/pexels-photo-1925536.jpeg?resize=350%2C200&ssl=1","width":350,"height":200,"srcset":"https:\/\/i0.wp.com\/pastoralrmi.com\/wp-content\/uploads\/2024\/04\/pexels-photo-1925536.jpeg?resize=350%2C200&ssl=1 1x, https:\/\/i0.wp.com\/pastoralrmi.com\/wp-content\/uploads\/2024\/04\/pexels-photo-1925536.jpeg?resize=525%2C300&ssl=1 1.5x, https:\/\/i0.wp.com\/pastoralrmi.com\/wp-content\/uploads\/2024\/04\/pexels-photo-1925536.jpeg?resize=700%2C400&ssl=1 2x, https:\/\/i0.wp.com\/pastoralrmi.com\/wp-content\/uploads\/2024\/04\/pexels-photo-1925536.jpeg?resize=1050%2C600&ssl=1 3x, https:\/\/i0.wp.com\/pastoralrmi.com\/wp-content\/uploads\/2024\/04\/pexels-photo-1925536.jpeg?resize=1400%2C800&ssl=1 4x"},"classes":[]},{"id":5463,"url":"https:\/\/pastoralrmi.com\/es\/el-hatillo\/","url_meta":{"origin":402,"position":5},"title":"El hatillo","author":"Blog de pastoral Provincia Iberica","date":"19 de julio de 2025","format":false,"excerpt":"Acerca de Est\u00e1s ante la p\u00e1gina de pastoral de la Provincia ib\u00e9rica de las Religiosas de Mar\u00eda Inmaculada. Es un proyecto que pretende favorecer y facilitar el trabajo pastoral con nuestros j\u00f3venes. Compartimos reflexiones desde el carisma y con ellas nos formamos y profundizamos juntos; disponemos tambi\u00e9n de materiales y\u2026","rel":"","context":"Entrada similar","block_context":{"text":"Entrada similar","link":""},"img":{"alt_text":"","src":"https:\/\/i0.wp.com\/pastoralrmi.com\/wp-content\/uploads\/2024\/06\/imagem-whatsapp-2024-06-09-as-20.27.25_246f239b.jpg?resize=350%2C200&ssl=1","width":350,"height":200,"srcset":"https:\/\/i0.wp.com\/pastoralrmi.com\/wp-content\/uploads\/2024\/06\/imagem-whatsapp-2024-06-09-as-20.27.25_246f239b.jpg?resize=350%2C200&ssl=1 1x, https:\/\/i0.wp.com\/pastoralrmi.com\/wp-content\/uploads\/2024\/06\/imagem-whatsapp-2024-06-09-as-20.27.25_246f239b.jpg?resize=525%2C300&ssl=1 1.5x, https:\/\/i0.wp.com\/pastoralrmi.com\/wp-content\/uploads\/2024\/06\/imagem-whatsapp-2024-06-09-as-20.27.25_246f239b.jpg?resize=700%2C400&ssl=1 2x, https:\/\/i0.wp.com\/pastoralrmi.com\/wp-content\/uploads\/2024\/06\/imagem-whatsapp-2024-06-09-as-20.27.25_246f239b.jpg?resize=1050%2C600&ssl=1 3x, https:\/\/i0.wp.com\/pastoralrmi.com\/wp-content\/uploads\/2024\/06\/imagem-whatsapp-2024-06-09-as-20.27.25_246f239b.jpg?resize=1400%2C800&ssl=1 4x"},"classes":[]}],"_links":{"self":[{"href":"https:\/\/pastoralrmi.com\/es\/wp-json\/wp\/v2\/pages\/402","targetHints":{"allow":["GET"]}}],"collection":[{"href":"https:\/\/pastoralrmi.com\/es\/wp-json\/wp\/v2\/pages"}],"about":[{"href":"https:\/\/pastoralrmi.com\/es\/wp-json\/wp\/v2\/types\/page"}],"author":[{"embeddable":true,"href":"https:\/\/pastoralrmi.com\/es\/wp-json\/wp\/v2\/users\/246329482"}],"replies":[{"embeddable":true,"href":"https:\/\/pastoralrmi.com\/es\/wp-json\/wp\/v2\/comments?post=402"}],"version-history":[{"count":35,"href":"https:\/\/pastoralrmi.com\/es\/wp-json\/wp\/v2\/pages\/402\/revisions"}],"predecessor-version":[{"id":5679,"href":"https:\/\/pastoralrmi.com\/es\/wp-json\/wp\/v2\/pages\/402\/revisions\/5679"}],"wp:featuredmedia":[{"embeddable":true,"href":"https:\/\/pastoralrmi.com\/es\/wp-json\/wp\/v2\/media\/1309"}],"wp:attachment":[{"href":"https:\/\/pastoralrmi.com\/es\/wp-json\/wp\/v2\/media?parent=402"}],"curies":[{"name":"wp","href":"https:\/\/api.w.org\/{rel}","templated":true}]}}